{"id":1057,"date":"2020-04-17T08:03:24","date_gmt":"2020-04-17T06:03:24","guid":{"rendered":"https:\/\/bienetre16.fr\/?page_id=1057"},"modified":"2025-03-30T20:57:05","modified_gmt":"2025-03-30T18:57:05","slug":"les-soins-visage","status":"publish","type":"page","link":"https:\/\/bienetre16.fr\/?page_id=1057","title":{"rendered":"Les Soins Visage"},"content":{"rendered":"\t\t<div data-elementor-type=\"wp-page\" data-elementor-id=\"1057\" class=\"elementor elementor-1057\">\n\t\t\t\t\t\t\t\t\t<section class=\"elementor-section elementor-top-section elementor-element elementor-element-fd493b7 elementor-section-boxed elementor-section-height-default elementor-section-height-default\" data-id=\"fd493b7\" data-element_type=\"section\">\n\t\t\t\t\t\t<div class=\"elementor-container elementor-column-gap-default\">\n\t\t\t\t\t<div class=\"elementor-column elementor-col-100 elementor-top-column elementor-element elementor-element-4c6a2bd\" data-id=\"4c6a2bd\" data-element_type=\"column\">\n\t\t\t<div class=\"elementor-widget-wrap elementor-element-populated\">\n\t\t\t\t\t\t\t\t<div class=\"elementor-element elementor-element-0dbf37e elementor-widget-divider--view-line elementor-widget elementor-widget-divider\" data-id=\"0dbf37e\" data-element_type=\"widget\" data-widget_type=\"divider.default\">\n\t\t\t\t<div class=\"elementor-widget-container\">\n\t\t\t\t\t<div class=\"elementor-divider\">\n\t\t\t<span class=\"elementor-divider-separator\">\n\t\t\t\t\t\t<\/span>\n\t\t<\/div>\n\t\t\t\t<\/div>\n\t\t\t\t<\/div>\n\t\t\t\t<div class=\"elementor-element elementor-element-f39b932 elementor-widget elementor-widget-heading\" data-id=\"f39b932\" data-element_type=\"widget\" data-widget_type=\"heading.default\">\n\t\t\t\t<div class=\"elementor-widget-container\">\n\t\t\t<h2 class=\"elementor-heading-title elementor-size-default\">Les soins visage sont r\u00e9alis\u00e9s avec les produits professionnel Bio by Oxalia. Choisissez votre soin et profitez d\u2019un vrai moment de d\u00e9tente.<\/h2>\t\t<\/div>\n\t\t\t\t<\/div>\n\t\t\t\t\t<\/div>\n\t\t<\/div>\n\t\t\t\t\t\t\t<\/div>\n\t\t<\/section>\n\t\t\t\t<section class=\"elementor-section elementor-top-section elementor-element elementor-element-44da5714 elementor-section-content-middle elementor-section-boxed elementor-section-height-default elementor-section-height-default\" data-id=\"44da5714\" data-element_type=\"section\" data-settings=\"{&quot;background_background&quot;:&quot;gradient&quot;}\">\n\t\t\t\t\t\t<div class=\"elementor-container elementor-column-gap-no\">\n\t\t\t\t\t<div class=\"elementor-column elementor-col-33 elementor-top-column elementor-element elementor-element-240e5b9f\" data-id=\"240e5b9f\" data-element_type=\"column\">\n\t\t\t<div class=\"elementor-widget-wrap elementor-element-populated\">\n\t\t\t\t\t\t\t\t<div class=\"elementor-element elementor-element-666de57 elementor-widget elementor-widget-heading\" data-id=\"666de57\" data-element_type=\"widget\" data-widget_type=\"heading.default\">\n\t\t\t\t<div class=\"elementor-widget-container\">\n\t\t\t<h3 class=\"elementor-heading-title elementor-size-small\">Le Cocon Puret\u00e9<\/h3>\t\t<\/div>\n\t\t\t\t<\/div>\n\t\t\t\t<div class=\"elementor-element elementor-element-2c65abb4 elementor-widget elementor-widget-image\" data-id=\"2c65abb4\" data-element_type=\"widget\" data-widget_type=\"image.default\">\n\t\t\t\t<div class=\"elementor-widget-container\">\n\t\t\t\t\t\t\t\t\t\t\t\t\t\t\t<img decoding=\"async\" width=\"1024\" height=\"589\" src=\"https:\/\/bienetre16.fr\/wp-content\/uploads\/2020\/04\/5f84d3d293b4fd86d200ca0effd2c478.0-1024x589.jpg\" class=\"elementor-animation-grow attachment-large size-large wp-image-1116\" alt=\"Soins visage\" loading=\"lazy\" srcset=\"https:\/\/bienetre16.fr\/wp-content\/uploads\/2020\/04\/5f84d3d293b4fd86d200ca0effd2c478.0-1024x589.jpg 1024w, https:\/\/bienetre16.fr\/wp-content\/uploads\/2020\/04\/5f84d3d293b4fd86d200ca0effd2c478.0-600x345.jpg 600w, https:\/\/bienetre16.fr\/wp-content\/uploads\/2020\/04\/5f84d3d293b4fd86d200ca0effd2c478.0-300x173.jpg 300w, https:\/\/bienetre16.fr\/wp-content\/uploads\/2020\/04\/5f84d3d293b4fd86d200ca0effd2c478.0-768x442.jpg 768w, https:\/\/bienetre16.fr\/wp-content\/uploads\/2020\/04\/5f84d3d293b4fd86d200ca0effd2c478.0.jpg 1060w\" sizes=\"(max-width: 1024px) 100vw, 1024px\" \/>\t\t\t\t\t\t\t\t\t\t\t\t\t\t\t<\/div>\n\t\t\t\t<\/div>\n\t\t\t\t<div class=\"elementor-element elementor-element-c2c5d5e elementor-widget elementor-widget-heading\" data-id=\"c2c5d5e\" data-element_type=\"widget\" data-widget_type=\"heading.default\">\n\t\t\t\t<div class=\"elementor-widget-container\">\n\t\t\t<h2 class=\"elementor-heading-title elementor-size-default\">Soin r\u00e9\u00e9quilibrant pour peaux mixtes \u00e0 grasses.\n\nIl purifie la peaux et r\u00e9duit la production de s\u00e9bum. Il aide \u00e0 r\u00e9duire les imperfections tout en apportant fraicheur et \u00e9quilibre.<br> <br>1h \u00e0 65\u20ac<\/h2>\t\t<\/div>\n\t\t\t\t<\/div>\n\t\t\t\t\t<\/div>\n\t\t<\/div>\n\t\t\t\t<div class=\"elementor-column elementor-col-33 elementor-top-column elementor-element elementor-element-67406f6b\" data-id=\"67406f6b\" data-element_type=\"column\" data-settings=\"{&quot;background_background&quot;:&quot;classic&quot;}\">\n\t\t\t<div class=\"elementor-widget-wrap elementor-element-populated\">\n\t\t\t\t\t\t\t\t<div class=\"elementor-element elementor-element-7766b367 elementor-widget elementor-widget-heading\" data-id=\"7766b367\" data-element_type=\"widget\" data-widget_type=\"heading.default\">\n\t\t\t\t<div class=\"elementor-widget-container\">\n\t\t\t<h3 class=\"elementor-heading-title elementor-size-small\">L'hydra  Cocon<\/h3>\t\t<\/div>\n\t\t\t\t<\/div>\n\t\t\t\t<div class=\"elementor-element elementor-element-58f55ca9 elementor-widget elementor-widget-image\" data-id=\"58f55ca9\" data-element_type=\"widget\" data-widget_type=\"image.default\">\n\t\t\t\t<div class=\"elementor-widget-container\">\n\t\t\t\t\t\t\t\t\t\t\t\t\t\t\t<img decoding=\"async\" width=\"300\" height=\"176\" src=\"https:\/\/bienetre16.fr\/wp-content\/uploads\/2020\/04\/ee5e4660c5cae7e214a8752c92be827a.0-300x176.jpg\" class=\"elementor-animation-grow attachment-medium size-medium wp-image-1117\" alt=\"Soins visage\" loading=\"lazy\" srcset=\"https:\/\/bienetre16.fr\/wp-content\/uploads\/2020\/04\/ee5e4660c5cae7e214a8752c92be827a.0-300x176.jpg 300w, https:\/\/bienetre16.fr\/wp-content\/uploads\/2020\/04\/ee5e4660c5cae7e214a8752c92be827a.0-600x352.jpg 600w, https:\/\/bienetre16.fr\/wp-content\/uploads\/2020\/04\/ee5e4660c5cae7e214a8752c92be827a.0-1024x600.jpg 1024w, https:\/\/bienetre16.fr\/wp-content\/uploads\/2020\/04\/ee5e4660c5cae7e214a8752c92be827a.0-768x450.jpg 768w, https:\/\/bienetre16.fr\/wp-content\/uploads\/2020\/04\/ee5e4660c5cae7e214a8752c92be827a.0.jpg 1077w\" sizes=\"(max-width: 300px) 100vw, 300px\" \/>\t\t\t\t\t\t\t\t\t\t\t\t\t\t\t<\/div>\n\t\t\t\t<\/div>\n\t\t\t\t<div class=\"elementor-element elementor-element-4baad662 elementor-widget elementor-widget-text-editor\" data-id=\"4baad662\" data-element_type=\"widget\" data-widget_type=\"text-editor.default\">\n\t\t\t\t<div class=\"elementor-widget-container\">\n\t\t\t\t\t\t\t<p>Soin Hydratant pour peaux d\u00e9shydrat\u00e9es.<\/p><p>Une fusion entre un massage repulpant au ridoki, un masque en Bio cellulose et des soins enrichis en acide hyaluronique, pour prot\u00e9ger et r\u00e9hydrater la peau en profondeur. Il d\u00e9tend les tensions et diminue les rides d&rsquo;expression.<\/p><p>1h \u00e0 65\u20ac<\/p>\t\t\t\t\t\t<\/div>\n\t\t\t\t<\/div>\n\t\t\t\t\t<\/div>\n\t\t<\/div>\n\t\t\t\t<div class=\"elementor-column elementor-col-33 elementor-top-column elementor-element elementor-element-5cb6e12f\" data-id=\"5cb6e12f\" data-element_type=\"column\">\n\t\t\t<div class=\"elementor-widget-wrap elementor-element-populated\">\n\t\t\t\t\t\t\t\t<div class=\"elementor-element elementor-element-cc4ed07 elementor-widget elementor-widget-heading\" data-id=\"cc4ed07\" data-element_type=\"widget\" data-widget_type=\"heading.default\">\n\t\t\t\t<div class=\"elementor-widget-container\">\n\t\t\t<h3 class=\"elementor-heading-title elementor-size-small\">Le Douceur Cocon<\/h3>\t\t<\/div>\n\t\t\t\t<\/div>\n\t\t\t\t<div class=\"elementor-element elementor-element-5a7e41ff elementor-widget elementor-widget-image\" data-id=\"5a7e41ff\" data-element_type=\"widget\" data-widget_type=\"image.default\">\n\t\t\t\t<div class=\"elementor-widget-container\">\n\t\t\t\t\t\t\t\t\t\t\t\t\t\t\t<img decoding=\"async\" width=\"400\" height=\"400\" src=\"https:\/\/bienetre16.fr\/wp-content\/uploads\/2019\/07\/bon-cadeau-soin-visage.jpg\" class=\"elementor-animation-grow attachment-large size-large wp-image-834\" alt=\"\" loading=\"lazy\" srcset=\"https:\/\/bienetre16.fr\/wp-content\/uploads\/2019\/07\/bon-cadeau-soin-visage.jpg 400w, https:\/\/bienetre16.fr\/wp-content\/uploads\/2019\/07\/bon-cadeau-soin-visage-300x300.jpg 300w, https:\/\/bienetre16.fr\/wp-content\/uploads\/2019\/07\/bon-cadeau-soin-visage-100x100.jpg 100w, https:\/\/bienetre16.fr\/wp-content\/uploads\/2019\/07\/bon-cadeau-soin-visage-150x150.jpg 150w\" sizes=\"(max-width: 400px) 100vw, 400px\" \/>\t\t\t\t\t\t\t\t\t\t\t\t\t\t\t<\/div>\n\t\t\t\t<\/div>\n\t\t\t\t<div class=\"elementor-element elementor-element-bcb5eea elementor-widget elementor-widget-heading\" data-id=\"bcb5eea\" data-element_type=\"widget\" data-widget_type=\"heading.default\">\n\t\t\t\t<div class=\"elementor-widget-container\">\n\t\t\t<h2 class=\"elementor-heading-title elementor-size-default\">Soin apaisant et r\u00e9confortant pour peaux sensibles et d\u00e9licates.\n\nIl soulage les peaux inconfortables et att\u00e9nue les rougeurs, tout en apportant douceur et apaisement.\n\n1h \u00e0 65\u20ac<\/h2>\t\t<\/div>\n\t\t\t\t<\/div>\n\t\t\t\t\t<\/div>\n\t\t<\/div>\n\t\t\t\t\t\t\t<\/div>\n\t\t<\/section>\n\t\t\t\t<section class=\"elementor-section elementor-top-section elementor-element elementor-element-a82961a elementor-section-content-middle elementor-section-boxed elementor-section-height-default elementor-section-height-default\" data-id=\"a82961a\" data-element_type=\"section\" data-settings=\"{&quot;background_background&quot;:&quot;gradient&quot;}\">\n\t\t\t\t\t\t<div class=\"elementor-container elementor-column-gap-no\">\n\t\t\t\t\t<div class=\"elementor-column elementor-col-33 elementor-top-column elementor-element elementor-element-ae53f2e\" data-id=\"ae53f2e\" data-element_type=\"column\">\n\t\t\t<div class=\"elementor-widget-wrap elementor-element-populated\">\n\t\t\t\t\t\t\t\t<div class=\"elementor-element elementor-element-5394f4a elementor-widget elementor-widget-heading\" data-id=\"5394f4a\" data-element_type=\"widget\" data-widget_type=\"heading.default\">\n\t\t\t\t<div class=\"elementor-widget-container\">\n\t\t\t<h3 class=\"elementor-heading-title elementor-size-small\">Le Soin Cocon<\/h3>\t\t<\/div>\n\t\t\t\t<\/div>\n\t\t\t\t<div class=\"elementor-element elementor-element-8f8beee elementor-widget elementor-widget-image\" data-id=\"8f8beee\" data-element_type=\"widget\" data-widget_type=\"image.default\">\n\t\t\t\t<div class=\"elementor-widget-container\">\n\t\t\t\t\t\t\t\t\t\t\t\t\t\t\t<img decoding=\"async\" width=\"1024\" height=\"589\" src=\"https:\/\/bienetre16.fr\/wp-content\/uploads\/2020\/04\/5f84d3d293b4fd86d200ca0effd2c478.0-1024x589.jpg\" class=\"elementor-animation-grow attachment-large size-large wp-image-1116\" alt=\"Soins visage\" loading=\"lazy\" srcset=\"https:\/\/bienetre16.fr\/wp-content\/uploads\/2020\/04\/5f84d3d293b4fd86d200ca0effd2c478.0-1024x589.jpg 1024w, https:\/\/bienetre16.fr\/wp-content\/uploads\/2020\/04\/5f84d3d293b4fd86d200ca0effd2c478.0-600x345.jpg 600w, https:\/\/bienetre16.fr\/wp-content\/uploads\/2020\/04\/5f84d3d293b4fd86d200ca0effd2c478.0-300x173.jpg 300w, https:\/\/bienetre16.fr\/wp-content\/uploads\/2020\/04\/5f84d3d293b4fd86d200ca0effd2c478.0-768x442.jpg 768w, https:\/\/bienetre16.fr\/wp-content\/uploads\/2020\/04\/5f84d3d293b4fd86d200ca0effd2c478.0.jpg 1060w\" sizes=\"(max-width: 1024px) 100vw, 1024px\" \/>\t\t\t\t\t\t\t\t\t\t\t\t\t\t\t<\/div>\n\t\t\t\t<\/div>\n\t\t\t\t<div class=\"elementor-element elementor-element-379d63d elementor-widget elementor-widget-heading\" data-id=\"379d63d\" data-element_type=\"widget\" data-widget_type=\"heading.default\">\n\t\t\t\t<div class=\"elementor-widget-container\">\n\t\t\t<h2 class=\"elementor-heading-title elementor-size-default\">Soin pour tous types de peaux.\nIl sublime en un \u00e9clair.<br> <br>30 min \u00e0 36\u20ac<\/h2>\t\t<\/div>\n\t\t\t\t<\/div>\n\t\t\t\t\t<\/div>\n\t\t<\/div>\n\t\t\t\t<div class=\"elementor-column elementor-col-33 elementor-top-column elementor-element elementor-element-4dc6f1e\" data-id=\"4dc6f1e\" data-element_type=\"column\" data-settings=\"{&quot;background_background&quot;:&quot;classic&quot;}\">\n\t\t\t<div class=\"elementor-widget-wrap elementor-element-populated\">\n\t\t\t\t\t\t\t\t<div class=\"elementor-element elementor-element-a0cc99f elementor-widget elementor-widget-heading\" data-id=\"a0cc99f\" data-element_type=\"widget\" data-widget_type=\"heading.default\">\n\t\t\t\t<div class=\"elementor-widget-container\">\n\t\t\t<h3 class=\"elementor-heading-title elementor-size-small\">L'ultra Cocooning<\/h3>\t\t<\/div>\n\t\t\t\t<\/div>\n\t\t\t\t<div class=\"elementor-element elementor-element-8b167a7 elementor-widget elementor-widget-text-editor\" data-id=\"8b167a7\" data-element_type=\"widget\" data-widget_type=\"text-editor.default\">\n\t\t\t\t<div class=\"elementor-widget-container\">\n\t\t\t\t\t\t\t<p>Soin pour peaux matures.<\/p><p>Grace \u00e0 ses man\u0153uvres sp\u00e9cifiques et techniques de frictions et lissages des muscles du visage, il permet d&rsquo;estomper, lisser et repulper les rides. Le tout combin\u00e9 \u00e0 un drainage lymphatique.<\/p><p>1h15 \u00e0 80\u20ac<\/p><p>Ou en cure de 5 s\u00e9ances \u00e0 360\u20ac<\/p>\t\t\t\t\t\t<\/div>\n\t\t\t\t<\/div>\n\t\t\t\t\t<\/div>\n\t\t<\/div>\n\t\t\t\t<div class=\"elementor-column elementor-col-33 elementor-top-column elementor-element elementor-element-742d14b\" data-id=\"742d14b\" data-element_type=\"column\">\n\t\t\t<div class=\"elementor-widget-wrap elementor-element-populated\">\n\t\t\t\t\t\t\t\t<div class=\"elementor-element elementor-element-fed9fe0 elementor-widget elementor-widget-heading\" data-id=\"fed9fe0\" data-element_type=\"widget\" data-widget_type=\"heading.default\">\n\t\t\t\t<div class=\"elementor-widget-container\">\n\t\t\t<h3 class=\"elementor-heading-title elementor-size-small\">Le Cocon \u00e9clat<\/h3>\t\t<\/div>\n\t\t\t\t<\/div>\n\t\t\t\t<div class=\"elementor-element elementor-element-74d723f elementor-widget elementor-widget-image\" data-id=\"74d723f\" data-element_type=\"widget\" data-widget_type=\"image.default\">\n\t\t\t\t<div class=\"elementor-widget-container\">\n\t\t\t\t\t\t\t\t\t\t\t\t\t\t\t<img decoding=\"async\" width=\"400\" height=\"400\" src=\"https:\/\/bienetre16.fr\/wp-content\/uploads\/2019\/07\/bon-cadeau-soin-visage.jpg\" class=\"elementor-animation-grow attachment-large size-large wp-image-834\" alt=\"\" loading=\"lazy\" srcset=\"https:\/\/bienetre16.fr\/wp-content\/uploads\/2019\/07\/bon-cadeau-soin-visage.jpg 400w, https:\/\/bienetre16.fr\/wp-content\/uploads\/2019\/07\/bon-cadeau-soin-visage-300x300.jpg 300w, https:\/\/bienetre16.fr\/wp-content\/uploads\/2019\/07\/bon-cadeau-soin-visage-100x100.jpg 100w, https:\/\/bienetre16.fr\/wp-content\/uploads\/2019\/07\/bon-cadeau-soin-visage-150x150.jpg 150w\" sizes=\"(max-width: 400px) 100vw, 400px\" \/>\t\t\t\t\t\t\t\t\t\t\t\t\t\t\t<\/div>\n\t\t\t\t<\/div>\n\t\t\t\t<div class=\"elementor-element elementor-element-dfefe6a elementor-widget elementor-widget-heading\" data-id=\"dfefe6a\" data-element_type=\"widget\" data-widget_type=\"heading.default\">\n\t\t\t\t<div class=\"elementor-widget-container\">\n\t\t\t<h2 class=\"elementor-heading-title elementor-size-default\">Soin pour teints ternes et\/ou taches pigmentaires.\n\nIl ravive l'\u00e9clat du visage, d\u00e9congestionne les tissus, attenue les taches pigmentaires et offre une sensation de bien \u00eatre.\n(D\u00e9conseill\u00e9 aux peaux sensibles)\n\n45 min \u00e0 55\u20ac\nOu en cure de 5 s\u00e9ances \u00e0 245\u20ac<\/h2>\t\t<\/div>\n\t\t\t\t<\/div>\n\t\t\t\t\t<\/div>\n\t\t<\/div>\n\t\t\t\t\t\t\t<\/div>\n\t\t<\/section>\n\t\t\t\t<section class=\"elementor-section elementor-top-section elementor-element elementor-element-08a69b0 elementor-section-boxed elementor-section-height-default elementor-section-height-default\" data-id=\"08a69b0\" data-element_type=\"section\">\n\t\t\t\t\t\t<div class=\"elementor-container elementor-column-gap-default\">\n\t\t\t\t\t<div class=\"elementor-column elementor-col-100 elementor-top-column elementor-element elementor-element-7077fa4\" data-id=\"7077fa4\" data-element_type=\"column\">\n\t\t\t<div class=\"elementor-widget-wrap elementor-element-populated\">\n\t\t\t\t\t\t\t\t<div class=\"elementor-element elementor-element-b5fc8df elementor-widget elementor-widget-image\" data-id=\"b5fc8df\" data-element_type=\"widget\" data-widget_type=\"image.default\">\n\t\t\t\t<div class=\"elementor-widget-container\">\n\t\t\t\t\t\t\t\t\t\t\t\t\t\t\t<img decoding=\"async\" width=\"1024\" height=\"600\" src=\"https:\/\/bienetre16.fr\/wp-content\/uploads\/2020\/04\/ee5e4660c5cae7e214a8752c92be827a.0-1024x600.jpg\" class=\"attachment-large size-large wp-image-1117\" alt=\"Soins visage\" loading=\"lazy\" srcset=\"https:\/\/bienetre16.fr\/wp-content\/uploads\/2020\/04\/ee5e4660c5cae7e214a8752c92be827a.0-1024x600.jpg 1024w, https:\/\/bienetre16.fr\/wp-content\/uploads\/2020\/04\/ee5e4660c5cae7e214a8752c92be827a.0-600x352.jpg 600w, https:\/\/bienetre16.fr\/wp-content\/uploads\/2020\/04\/ee5e4660c5cae7e214a8752c92be827a.0-300x176.jpg 300w, https:\/\/bienetre16.fr\/wp-content\/uploads\/2020\/04\/ee5e4660c5cae7e214a8752c92be827a.0-768x450.jpg 768w, https:\/\/bienetre16.fr\/wp-content\/uploads\/2020\/04\/ee5e4660c5cae7e214a8752c92be827a.0.jpg 1077w\" sizes=\"(max-width: 1024px) 100vw, 1024px\" \/>\t\t\t\t\t\t\t\t\t\t\t\t\t\t\t<\/div>\n\t\t\t\t<\/div>\n\t\t\t\t\t<\/div>\n\t\t<\/div>\n\t\t\t\t\t\t\t<\/div>\n\t\t<\/section>\n\t\t\t\t\t\t\t<\/div>\n\t\t","protected":false},"excerpt":{"rendered":"<p>Les soins visage sont r\u00e9alis\u00e9s avec les produits professionnel Bio by Oxalia. Choisissez votre soin et profitez d\u2019un vrai moment de d\u00e9tente. Le Cocon Puret\u00e9 Soin r\u00e9\u00e9quilibrant pour peaux mixtes \u00e0 grasses. Il purifie la peaux et r\u00e9duit la production de s\u00e9bum. Il aide \u00e0 r\u00e9duire les imperfections tout en apportant fraicheur et \u00e9quilibre. 1h [&hellip;]<\/p>\n","protected":false},"author":1,"featured_media":0,"parent":0,"menu_order":0,"comment_status":"closed","ping_status":"closed","template":"elementor_header_footer","meta":[],"_links":{"self":[{"href":"https:\/\/bienetre16.fr\/index.php?rest_route=\/wp\/v2\/pages\/1057"}],"collection":[{"href":"https:\/\/bienetre16.fr\/index.php?rest_route=\/wp\/v2\/pages"}],"about":[{"href":"https:\/\/bienetre16.fr\/index.php?rest_route=\/wp\/v2\/types\/page"}],"author":[{"embeddable":true,"href":"https:\/\/bienetre16.fr\/index.php?rest_route=\/wp\/v2\/users\/1"}],"replies":[{"embeddable":true,"href":"https:\/\/bienetre16.fr\/index.php?rest_route=%2Fwp%2Fv2%2Fcomments&post=1057"}],"version-history":[{"count":20,"href":"https:\/\/bienetre16.fr\/index.php?rest_route=\/wp\/v2\/pages\/1057\/revisions"}],"predecessor-version":[{"id":1501,"href":"https:\/\/bienetre16.fr\/index.php?rest_route=\/wp\/v2\/pages\/1057\/revisions\/1501"}],"wp:attachment":[{"href":"https:\/\/bienetre16.fr\/index.php?rest_route=%2Fwp%2Fv2%2Fmedia&parent=1057"}],"curies":[{"name":"wp","href":"https:\/\/api.w.org\/{rel}","templated":true}]}}