{"id":1482,"date":"2025-03-30T18:47:12","date_gmt":"2025-03-30T16:47:12","guid":{"rendered":"https:\/\/bienetre16.fr\/?page_id=1482"},"modified":"2025-04-02T19:51:48","modified_gmt":"2025-04-02T17:51:48","slug":"epilations","status":"publish","type":"page","link":"https:\/\/bienetre16.fr\/?page_id=1482","title":{"rendered":"Epilations"},"content":{"rendered":"\t\t<div data-elementor-type=\"wp-page\" data-elementor-id=\"1482\" class=\"elementor elementor-1482\">\n\t\t\t\t\t\t\t\t\t<section class=\"elementor-section elementor-top-section elementor-element elementor-element-154d0d35 elementor-section-content-middle elementor-section-boxed elementor-section-height-default elementor-section-height-default\" data-id=\"154d0d35\" data-element_type=\"section\" data-settings=\"{&quot;background_background&quot;:&quot;classic&quot;}\">\n\t\t\t\t\t\t<div class=\"elementor-container elementor-column-gap-no\">\n\t\t\t\t\t<div class=\"elementor-column elementor-col-50 elementor-top-column elementor-element elementor-element-407f74b1\" data-id=\"407f74b1\" data-element_type=\"column\">\n\t\t\t<div class=\"elementor-widget-wrap elementor-element-populated\">\n\t\t\t\t\t\t\t\t<div class=\"elementor-element elementor-element-1158650a elementor-widget elementor-widget-image\" data-id=\"1158650a\" data-element_type=\"widget\" data-widget_type=\"image.default\">\n\t\t\t\t<div class=\"elementor-widget-container\">\n\t\t\t\t\t\t\t\t\t\t\t\t\t\t\t<img decoding=\"async\" width=\"1536\" height=\"847\" src=\"https:\/\/bienetre16.fr\/wp-content\/uploads\/2020\/04\/Epilations.png\" class=\"attachment-full size-full wp-image-1111\" alt=\"Epilations\" loading=\"lazy\" srcset=\"https:\/\/bienetre16.fr\/wp-content\/uploads\/2020\/04\/Epilations.png 1536w, https:\/\/bienetre16.fr\/wp-content\/uploads\/2020\/04\/Epilations-600x331.png 600w, https:\/\/bienetre16.fr\/wp-content\/uploads\/2020\/04\/Epilations-300x165.png 300w, https:\/\/bienetre16.fr\/wp-content\/uploads\/2020\/04\/Epilations-1024x565.png 1024w, https:\/\/bienetre16.fr\/wp-content\/uploads\/2020\/04\/Epilations-768x424.png 768w\" sizes=\"(max-width: 1536px) 100vw, 1536px\" \/>\t\t\t\t\t\t\t\t\t\t\t\t\t\t\t<\/div>\n\t\t\t\t<\/div>\n\t\t\t\t\t<\/div>\n\t\t<\/div>\n\t\t\t\t<div class=\"elementor-column elementor-col-50 elementor-top-column elementor-element elementor-element-52305b28\" data-id=\"52305b28\" data-element_type=\"column\">\n\t\t\t<div class=\"elementor-widget-wrap elementor-element-populated\">\n\t\t\t\t\t\t\t\t<div class=\"elementor-element elementor-element-7a58634d elementor-widget elementor-widget-heading\" data-id=\"7a58634d\" data-element_type=\"widget\" data-widget_type=\"heading.default\">\n\t\t\t\t<div class=\"elementor-widget-container\">\n\t\t\t<h4 class=\"elementor-heading-title elementor-size-default\">Les \u00e9pilations femmes<\/h4>\t\t<\/div>\n\t\t\t\t<\/div>\n\t\t\t\t<div class=\"elementor-element elementor-element-396d79f2 elementor-widget elementor-widget-text-editor\" data-id=\"396d79f2\" data-element_type=\"widget\" data-widget_type=\"text-editor.default\">\n\t\t\t\t<div class=\"elementor-widget-container\">\n\t\t\t\t\t\t\t<p><span style=\"color: #ff00ff;\">-10% d\u00e8s 3 zones \u00e9pil\u00e9es<\/span><\/p><p><span style=\"color: #ebe6e6;\">Sourcils :\u00a0 8,5\u20ac<\/span><\/p><p><span style=\"color: #ebe6e6;\">L\u00e8vres ou menton :\u00a0 8\u20ac<\/span><\/p><p><span style=\"color: #ebe6e6;\">Visage (3 zones ) :\u00a0 20\u20ac<\/span><\/p><p><span style=\"color: #ebe6e6;\">Aisselles ou maillot simple : 12\u20ac<\/span><\/p><p><span style=\"color: #ebe6e6;\">Demi jambes ou cuisses : 17\u20ac<\/span><\/p><p><span style=\"color: #ebe6e6;\">Maillot \u00e9chancr\u00e9 ou demi bras : 17\u20ac<\/span><\/p><p><span style=\"color: #ebe6e6;\">Jambes compl\u00e8tes ou maillot int\u00e9gral :\u00a0 25\u20ac<\/span><\/p>\t\t\t\t\t\t<\/div>\n\t\t\t\t<\/div>\n\t\t\t\t\t<\/div>\n\t\t<\/div>\n\t\t\t\t\t\t\t<\/div>\n\t\t<\/section>\n\t\t\t\t<section class=\"elementor-section elementor-top-section elementor-element elementor-element-6655407 elementor-section-content-middle elementor-section-boxed elementor-section-height-default elementor-section-height-default\" data-id=\"6655407\" data-element_type=\"section\" data-settings=\"{&quot;background_background&quot;:&quot;classic&quot;}\">\n\t\t\t\t\t\t<div class=\"elementor-container elementor-column-gap-no\">\n\t\t\t\t\t<div class=\"elementor-column elementor-col-50 elementor-top-column elementor-element elementor-element-2af2e89\" data-id=\"2af2e89\" data-element_type=\"column\">\n\t\t\t<div class=\"elementor-widget-wrap elementor-element-populated\">\n\t\t\t\t\t\t\t\t<div class=\"elementor-element elementor-element-88a87cf elementor-widget elementor-widget-heading\" data-id=\"88a87cf\" data-element_type=\"widget\" data-widget_type=\"heading.default\">\n\t\t\t\t<div class=\"elementor-widget-container\">\n\t\t\t<h4 class=\"elementor-heading-title elementor-size-default\">Les \u00e9pilations hommes<\/h4>\t\t<\/div>\n\t\t\t\t<\/div>\n\t\t\t\t<div class=\"elementor-element elementor-element-39981b3 elementor-widget elementor-widget-text-editor\" data-id=\"39981b3\" data-element_type=\"widget\" data-widget_type=\"text-editor.default\">\n\t\t\t\t<div class=\"elementor-widget-container\">\n\t\t\t\t\t\t\t<p><span style=\"font-size: 16px; color: #e8dada;\">Aisselles : 14\u20ac<\/span><\/p><p><span style=\"color: #e8dada;\">Oreilles ou Nez : 6\u20ac<\/span><\/p><p><span style=\"color: #e8dada;\">Sourcils : 9\u20ac<\/span><\/p><p><span style=\"color: #e8dada;\">Dos ou Torse : 24\u20ac<\/span><\/p><p><span style=\"color: #e8dada;\">Jambes compl\u00e8tes : 30\u20ac<\/span><\/p>\t\t\t\t\t\t<\/div>\n\t\t\t\t<\/div>\n\t\t\t\t\t<\/div>\n\t\t<\/div>\n\t\t\t\t<div class=\"elementor-column elementor-col-50 elementor-top-column elementor-element elementor-element-ba5b3ff\" data-id=\"ba5b3ff\" data-element_type=\"column\">\n\t\t\t<div class=\"elementor-widget-wrap elementor-element-populated\">\n\t\t\t\t\t\t\t\t<div class=\"elementor-element elementor-element-defbe20 elementor-widget elementor-widget-image\" data-id=\"defbe20\" data-element_type=\"widget\" data-widget_type=\"image.default\">\n\t\t\t\t<div class=\"elementor-widget-container\">\n\t\t\t\t\t\t\t\t\t\t\t\t\t\t\t<img decoding=\"async\" width=\"691\" height=\"777\" src=\"https:\/\/bienetre16.fr\/wp-content\/uploads\/2025\/04\/Epilation-Dos-Homme.png\" class=\"attachment-full size-full wp-image-1514\" alt=\"Dos homme\" loading=\"lazy\" srcset=\"https:\/\/bienetre16.fr\/wp-content\/uploads\/2025\/04\/Epilation-Dos-Homme.png 691w, https:\/\/bienetre16.fr\/wp-content\/uploads\/2025\/04\/Epilation-Dos-Homme-267x300.png 267w, https:\/\/bienetre16.fr\/wp-content\/uploads\/2025\/04\/Epilation-Dos-Homme-600x675.png 600w\" sizes=\"(max-width: 691px) 100vw, 691px\" \/>\t\t\t\t\t\t\t\t\t\t\t\t\t\t\t<\/div>\n\t\t\t\t<\/div>\n\t\t\t\t\t<\/div>\n\t\t<\/div>\n\t\t\t\t\t\t\t<\/div>\n\t\t<\/section>\n\t\t\t\t\t\t\t<\/div>\n\t\t","protected":false},"excerpt":{"rendered":"<p>Les \u00e9pilations femmes -10% d\u00e8s 3 zones \u00e9pil\u00e9es Sourcils :\u00a0 8,5\u20ac L\u00e8vres ou menton :\u00a0 8\u20ac Visage (3 zones ) :\u00a0 20\u20ac Aisselles ou maillot simple : 12\u20ac Demi jambes ou cuisses : 17\u20ac Maillot \u00e9chancr\u00e9 ou demi bras : 17\u20ac Jambes compl\u00e8tes ou maillot int\u00e9gral :\u00a0 25\u20ac Les \u00e9pilations hommes Aisselles : 14\u20ac Oreilles [&hellip;]<\/p>\n","protected":false},"author":1,"featured_media":0,"parent":0,"menu_order":0,"comment_status":"closed","ping_status":"closed","template":"elementor_header_footer","meta":[],"_links":{"self":[{"href":"https:\/\/bienetre16.fr\/index.php?rest_route=\/wp\/v2\/pages\/1482"}],"collection":[{"href":"https:\/\/bienetre16.fr\/index.php?rest_route=\/wp\/v2\/pages"}],"about":[{"href":"https:\/\/bienetre16.fr\/index.php?rest_route=\/wp\/v2\/types\/page"}],"author":[{"embeddable":true,"href":"https:\/\/bienetre16.fr\/index.php?rest_route=\/wp\/v2\/users\/1"}],"replies":[{"embeddable":true,"href":"https:\/\/bienetre16.fr\/index.php?rest_route=%2Fwp%2Fv2%2Fcomments&post=1482"}],"version-history":[{"count":11,"href":"https:\/\/bienetre16.fr\/index.php?rest_route=\/wp\/v2\/pages\/1482\/revisions"}],"predecessor-version":[{"id":1517,"href":"https:\/\/bienetre16.fr\/index.php?rest_route=\/wp\/v2\/pages\/1482\/revisions\/1517"}],"wp:attachment":[{"href":"https:\/\/bienetre16.fr\/index.php?rest_route=%2Fwp%2Fv2%2Fmedia&parent=1482"}],"curies":[{"name":"wp","href":"https:\/\/api.w.org\/{rel}","templated":true}]}}