{"id":406,"date":"2016-09-27T09:51:22","date_gmt":"2016-09-27T09:51:22","guid":{"rendered":"http:\/\/fitness2.mythemecloud.io\/?page_id=406"},"modified":"2019-11-12T17:09:36","modified_gmt":"2019-11-12T16:09:36","slug":"studio","status":"publish","type":"page","link":"https:\/\/bienetre16.fr\/?page_id=406","title":{"rendered":"Studio"},"content":{"rendered":"\t\t<div data-elementor-type=\"wp-post\" data-elementor-id=\"406\" class=\"elementor elementor-406\">\n\t\t\t\t\t\t\t\t\t<section class=\"elementor-section elementor-top-section elementor-element elementor-element-0399254 elementor-section-boxed elementor-section-height-default elementor-section-height-default\" data-id=\"0399254\" data-element_type=\"section\">\n\t\t\t\t\t\t<div class=\"elementor-container elementor-column-gap-default\">\n\t\t\t\t\t<div class=\"elementor-column elementor-col-100 elementor-top-column elementor-element elementor-element-7626104\" data-id=\"7626104\" data-element_type=\"column\">\n\t\t\t<div class=\"elementor-widget-wrap elementor-element-populated\">\n\t\t\t\t\t\t\t\t<div class=\"elementor-element elementor-element-ba0cdec elementor-position-top elementor-widget elementor-widget-image-box\" data-id=\"ba0cdec\" data-element_type=\"widget\" data-widget_type=\"image-box.default\">\n\t\t\t\t<div class=\"elementor-widget-container\">\n\t\t\t<div class=\"elementor-image-box-wrapper\"><figure class=\"elementor-image-box-img\"><img decoding=\"async\" width=\"1049\" height=\"1399\" src=\"https:\/\/bienetre16.fr\/wp-content\/uploads\/2019\/08\/IMG_20190821_152205.jpg\" class=\"attachment-full size-full wp-image-861\" alt=\"Profil a propos\" loading=\"lazy\" srcset=\"https:\/\/bienetre16.fr\/wp-content\/uploads\/2019\/08\/IMG_20190821_152205.jpg 1049w, https:\/\/bienetre16.fr\/wp-content\/uploads\/2019\/08\/IMG_20190821_152205-600x800.jpg 600w, https:\/\/bienetre16.fr\/wp-content\/uploads\/2019\/08\/IMG_20190821_152205-225x300.jpg 225w, https:\/\/bienetre16.fr\/wp-content\/uploads\/2019\/08\/IMG_20190821_152205-768x1024.jpg 768w\" sizes=\"(max-width: 1049px) 100vw, 1049px\" \/><\/figure><div class=\"elementor-image-box-content\"><h3 class=\"elementor-image-box-title\">Amandine Mazurier<\/h3><p class=\"elementor-image-box-description\">Esth\u00e9ticienne passionn\u00e9e et dipl\u00f4m\u00e9e du CAP et du BP esth\u00e9tique depuis 2003.\nApr\u00e8s plusieurs ann\u00e9es de pratique en institut et spa, je souhaite \u00e0 pr\u00e9sent vous partager mon exp\u00e9rience ainsi que mon savoir faire et mon savoir \u00eatre dans votre institut \"le Cocon d'Amandine\" dans une ambiance chaleureuse, souriante et de d\u00e9tente.\n<\/p><\/div><\/div>\t\t<\/div>\n\t\t\t\t<\/div>\n\t\t\t\t\t<\/div>\n\t\t<\/div>\n\t\t\t\t\t\t\t<\/div>\n\t\t<\/section>\n\t\t\t\t<section class=\"elementor-section elementor-top-section elementor-element elementor-element-ybrx6zd elementor-section-content-middle elementor-section-boxed elementor-section-height-default elementor-section-height-default\" data-id=\"ybrx6zd\" data-element_type=\"section\">\n\t\t\t\t\t\t<div class=\"elementor-container elementor-column-gap-default\">\n\t\t\t\t\t<div class=\"elementor-column elementor-col-50 elementor-top-column elementor-element elementor-element-nm7wyr2\" data-id=\"nm7wyr2\" data-element_type=\"column\">\n\t\t\t<div class=\"elementor-widget-wrap elementor-element-populated\">\n\t\t\t\t\t\t\t\t<div class=\"elementor-element elementor-element-shc2be8 elementor-widget elementor-widget-image\" data-id=\"shc2be8\" data-element_type=\"widget\" data-widget_type=\"image.default\">\n\t\t\t\t<div class=\"elementor-widget-container\">\n\t\t\t\t\t\t\t\t\t\t\t\t\t\t\t<img decoding=\"async\" width=\"1920\" height=\"942\" src=\"https:\/\/bienetre16.fr\/wp-content\/uploads\/2019\/07\/massage-599532_1920.jpg\" class=\"attachment-full size-full wp-image-9\" alt=\"\" loading=\"lazy\" srcset=\"https:\/\/bienetre16.fr\/wp-content\/uploads\/2019\/07\/massage-599532_1920.jpg 1920w, https:\/\/bienetre16.fr\/wp-content\/uploads\/2019\/07\/massage-599532_1920-600x294.jpg 600w, https:\/\/bienetre16.fr\/wp-content\/uploads\/2019\/07\/massage-599532_1920-300x147.jpg 300w, https:\/\/bienetre16.fr\/wp-content\/uploads\/2019\/07\/massage-599532_1920-768x377.jpg 768w, https:\/\/bienetre16.fr\/wp-content\/uploads\/2019\/07\/massage-599532_1920-1024x502.jpg 1024w\" sizes=\"(max-width: 1920px) 100vw, 1920px\" \/>\t\t\t\t\t\t\t\t\t\t\t\t\t\t\t<\/div>\n\t\t\t\t<\/div>\n\t\t\t\t\t<\/div>\n\t\t<\/div>\n\t\t\t\t<div class=\"elementor-column elementor-col-50 elementor-top-column elementor-element elementor-element-r7gqrhq\" data-id=\"r7gqrhq\" data-element_type=\"column\">\n\t\t\t<div class=\"elementor-widget-wrap elementor-element-populated\">\n\t\t\t\t\t\t\t\t<div class=\"elementor-element elementor-element-x4fpxui elementor-widget elementor-widget-text-editor\" data-id=\"x4fpxui\" data-element_type=\"widget\" data-widget_type=\"text-editor.default\">\n\t\t\t\t<div class=\"elementor-widget-container\">\n\t\t\t\t\t\t\t<p>Dans le p\u00f4le bien-\u00eatre de Jurignac, Val des vignes, p\u00e9n\u00e9trez dans votre institut de beaut\u00e9 et d\u00e9couvrez un havre o\u00f9 calme et professionnalisme se conjuguent au b\u00e9n\u00e9fice de la beaut\u00e9 et du soin, pour un r\u00e9el l\u00e2cher prise. Esth\u00e9ticienne exp\u00e9riment\u00e9e, je m&rsquo;occupe des femmes et des hommes.<br \/>Dans une ambiance chaleureuse,souriante et reposante, je vous propose des soins du corps, massage, gommage, enveloppement, des soins du visage, manucure, beaut\u00e9 des pieds, le vernis semi-permanent, la teinture des cils et des sourcils, la d\u00e9coloration de la l\u00e8vre,le maquillage et des \u00e9pilations.<br \/>D\u00e9licieuse sensation de s\u00e9r\u00e9nit\u00e9 et de relaxation, laissez vous emporter dans un moment de douceur avec les produits naturels Bio by Oxalia dans un espace cocooning.<\/p>\t\t\t\t\t\t<\/div>\n\t\t\t\t<\/div>\n\t\t\t\t\t<\/div>\n\t\t<\/div>\n\t\t\t\t\t\t\t<\/div>\n\t\t<\/section>\n\t\t\t\t\t\t\t<\/div>\n\t\t","protected":false},"excerpt":{"rendered":"<p>Amandine Mazurier Esth\u00e9ticienne passionn\u00e9e et dipl\u00f4m\u00e9e du CAP et du BP esth\u00e9tique depuis 2003. Apr\u00e8s plusieurs ann\u00e9es de pratique en institut et spa, je souhaite \u00e0 pr\u00e9sent vous partager mon exp\u00e9rience ainsi que mon savoir faire et mon savoir \u00eatre dans votre institut \u00ab\u00a0le Cocon d&rsquo;Amandine\u00a0\u00bb dans une ambiance chaleureuse, souriante et de d\u00e9tente. Dans [&hellip;]<\/p>\n","protected":false},"author":1,"featured_media":0,"parent":0,"menu_order":0,"comment_status":"closed","ping_status":"closed","template":"","meta":[],"_links":{"self":[{"href":"https:\/\/bienetre16.fr\/index.php?rest_route=\/wp\/v2\/pages\/406"}],"collection":[{"href":"https:\/\/bienetre16.fr\/index.php?rest_route=\/wp\/v2\/pages"}],"about":[{"href":"https:\/\/bienetre16.fr\/index.php?rest_route=\/wp\/v2\/types\/page"}],"author":[{"embeddable":true,"href":"https:\/\/bienetre16.fr\/index.php?rest_route=\/wp\/v2\/users\/1"}],"replies":[{"embeddable":true,"href":"https:\/\/bienetre16.fr\/index.php?rest_route=%2Fwp%2Fv2%2Fcomments&post=406"}],"version-history":[{"count":6,"href":"https:\/\/bienetre16.fr\/index.php?rest_route=\/wp\/v2\/pages\/406\/revisions"}],"predecessor-version":[{"id":1126,"href":"https:\/\/bienetre16.fr\/index.php?rest_route=\/wp\/v2\/pages\/406\/revisions\/1126"}],"wp:attachment":[{"href":"https:\/\/bienetre16.fr\/index.php?rest_route=%2Fwp%2Fv2%2Fmedia&parent=406"}],"curies":[{"name":"wp","href":"https:\/\/api.w.org\/{rel}","templated":true}]}}