{"id":939,"date":"2019-10-15T13:51:27","date_gmt":"2019-10-15T11:51:27","guid":{"rendered":"https:\/\/bienetre16.fr\/?page_id=939"},"modified":"2025-04-02T19:21:18","modified_gmt":"2025-04-02T17:21:18","slug":"modelages","status":"publish","type":"page","link":"https:\/\/bienetre16.fr\/?page_id=939","title":{"rendered":"Les Massages"},"content":{"rendered":"\t\t<div data-elementor-type=\"wp-post\" data-elementor-id=\"939\" class=\"elementor elementor-939\">\n\t\t\t\t\t\t\t\t\t<section class=\"elementor-section elementor-top-section elementor-element elementor-element-c0ef2a8 elementor-section-boxed elementor-section-height-default elementor-section-height-default\" data-id=\"c0ef2a8\" data-element_type=\"section\" data-settings=\"{&quot;background_background&quot;:&quot;classic&quot;}\">\n\t\t\t\t\t\t<div class=\"elementor-container elementor-column-gap-default\">\n\t\t\t\t\t<div class=\"elementor-column elementor-col-33 elementor-top-column elementor-element elementor-element-da57daf\" data-id=\"da57daf\" data-element_type=\"column\">\n\t\t\t<div class=\"elementor-widget-wrap\">\n\t\t\t\t\t\t\t\t\t<\/div>\n\t\t<\/div>\n\t\t\t\t<div class=\"elementor-column elementor-col-33 elementor-top-column elementor-element elementor-element-5e30365\" data-id=\"5e30365\" data-element_type=\"column\">\n\t\t\t<div class=\"elementor-widget-wrap elementor-element-populated\">\n\t\t\t\t\t\t\t\t<div class=\"elementor-element elementor-element-988b851 elementor-widget elementor-widget-heading\" data-id=\"988b851\" data-element_type=\"widget\" data-widget_type=\"heading.default\">\n\t\t\t\t<div class=\"elementor-widget-container\">\n\t\t\t<h2 class=\"elementor-heading-title elementor-size-large\">Les Massages<\/h2>\t\t<\/div>\n\t\t\t\t<\/div>\n\t\t\t\t<div class=\"elementor-element elementor-element-2718ea7 elementor-widget-divider--view-line elementor-widget elementor-widget-divider\" data-id=\"2718ea7\" data-element_type=\"widget\" data-widget_type=\"divider.default\">\n\t\t\t\t<div class=\"elementor-widget-container\">\n\t\t\t\t\t<div class=\"elementor-divider\">\n\t\t\t<span class=\"elementor-divider-separator\">\n\t\t\t\t\t\t<\/span>\n\t\t<\/div>\n\t\t\t\t<\/div>\n\t\t\t\t<\/div>\n\t\t\t\t\t<\/div>\n\t\t<\/div>\n\t\t\t\t<div class=\"elementor-column elementor-col-33 elementor-top-column elementor-element elementor-element-3809b03\" data-id=\"3809b03\" data-element_type=\"column\">\n\t\t\t<div class=\"elementor-widget-wrap\">\n\t\t\t\t\t\t\t\t\t<\/div>\n\t\t<\/div>\n\t\t\t\t\t\t\t<\/div>\n\t\t<\/section>\n\t\t\t\t<section class=\"elementor-section elementor-top-section elementor-element elementor-element-72e55301 elementor-section-content-middle elementor-section-boxed elementor-section-height-default elementor-section-height-default\" data-id=\"72e55301\" data-element_type=\"section\" data-settings=\"{&quot;background_background&quot;:&quot;classic&quot;}\">\n\t\t\t\t\t\t<div class=\"elementor-container elementor-column-gap-no\">\n\t\t\t\t\t<div class=\"elementor-column elementor-col-33 elementor-top-column elementor-element elementor-element-5b5daf53\" data-id=\"5b5daf53\" data-element_type=\"column\">\n\t\t\t<div class=\"elementor-widget-wrap elementor-element-populated\">\n\t\t\t\t\t\t\t\t<div class=\"elementor-element elementor-element-7351248 elementor-widget elementor-widget-heading\" data-id=\"7351248\" data-element_type=\"widget\" data-widget_type=\"heading.default\">\n\t\t\t\t<div class=\"elementor-widget-container\">\n\t\t\t<h2 class=\"elementor-heading-title elementor-size-default\">MASSAGE POLYNESIEN<\/h2>\t\t<\/div>\n\t\t\t\t<\/div>\n\t\t\t\t<div class=\"elementor-element elementor-element-5498a46 elementor-invisible elementor-widget elementor-widget-image\" data-id=\"5498a46\" data-element_type=\"widget\" data-settings=\"{&quot;_animation&quot;:&quot;zoomInUp&quot;}\" data-widget_type=\"image.default\">\n\t\t\t\t<div class=\"elementor-widget-container\">\n\t\t\t\t\t\t\t\t\t\t\t\t\t\t\t<img decoding=\"async\" width=\"1024\" height=\"683\" src=\"https:\/\/bienetre16.fr\/wp-content\/uploads\/2021\/05\/FB_IMG_1620672719022-1024x683.jpg\" class=\"attachment-large size-large wp-image-1322\" alt=\"\" loading=\"lazy\" srcset=\"https:\/\/bienetre16.fr\/wp-content\/uploads\/2021\/05\/FB_IMG_1620672719022-1024x683.jpg 1024w, https:\/\/bienetre16.fr\/wp-content\/uploads\/2021\/05\/FB_IMG_1620672719022-600x400.jpg 600w, https:\/\/bienetre16.fr\/wp-content\/uploads\/2021\/05\/FB_IMG_1620672719022-300x200.jpg 300w, https:\/\/bienetre16.fr\/wp-content\/uploads\/2021\/05\/FB_IMG_1620672719022-768x512.jpg 768w, https:\/\/bienetre16.fr\/wp-content\/uploads\/2021\/05\/FB_IMG_1620672719022.jpg 1080w\" sizes=\"(max-width: 1024px) 100vw, 1024px\" \/>\t\t\t\t\t\t\t\t\t\t\t\t\t\t\t<\/div>\n\t\t\t\t<\/div>\n\t\t\t\t<div class=\"elementor-element elementor-element-47e2c81d elementor-widget elementor-widget-icon-box\" data-id=\"47e2c81d\" data-element_type=\"widget\" data-widget_type=\"icon-box.default\">\n\t\t\t\t<div class=\"elementor-widget-container\">\n\t\t\t\t\t<div class=\"elementor-icon-box-wrapper\">\n\t\t\t\t\t\t<div class=\"elementor-icon-box-content\">\n\t\t\t\t<h3 class=\"elementor-icon-box-title\">\n\t\t\t\t\t<span  >\n\t\t\t\t\t\t\t\t\t\t\t<\/span>\n\t\t\t\t<\/h3>\n\t\t\t\t\t\t\t\t\t<p class=\"elementor-icon-box-description\">\n\t\t\t\t\t\tSoin aux inspirations \"Taurumi\". Il lib\u00e8re les n\u0153uds de stress et \u00e9vacue les traces de fatigue. Il vous procurera une sensation de d\u00e9tente et de s\u00e9r\u00e9nit\u00e9.\nUne d\u00e9tente de 1H \u00e0 63\u20ac. <br>\t\t\t\t\t<\/p>\n\t\t\t\t\t\t\t<\/div>\n\t\t<\/div>\n\t\t\t\t<\/div>\n\t\t\t\t<\/div>\n\t\t\t\t<div class=\"elementor-element elementor-element-3b5c0c4 elementor-widget-divider--view-line elementor-widget elementor-widget-divider\" data-id=\"3b5c0c4\" data-element_type=\"widget\" data-widget_type=\"divider.default\">\n\t\t\t\t<div class=\"elementor-widget-container\">\n\t\t\t\t\t<div class=\"elementor-divider\">\n\t\t\t<span class=\"elementor-divider-separator\">\n\t\t\t\t\t\t<\/span>\n\t\t<\/div>\n\t\t\t\t<\/div>\n\t\t\t\t<\/div>\n\t\t\t\t<div class=\"elementor-element elementor-element-cdbd8a1 elementor-widget elementor-widget-heading\" data-id=\"cdbd8a1\" data-element_type=\"widget\" data-widget_type=\"heading.default\">\n\t\t\t\t<div class=\"elementor-widget-container\">\n\t\t\t<h2 class=\"elementor-heading-title elementor-size-default\">MASSAGE A LA BOUGIE<\/h2>\t\t<\/div>\n\t\t\t\t<\/div>\n\t\t\t\t<div class=\"elementor-element elementor-element-7ec0a16 elementor-widget elementor-widget-image\" data-id=\"7ec0a16\" data-element_type=\"widget\" data-widget_type=\"image.default\">\n\t\t\t\t<div class=\"elementor-widget-container\">\n\t\t\t\t\t\t\t\t\t\t\t\t\t\t\t<img decoding=\"async\" width=\"600\" height=\"600\" src=\"https:\/\/bienetre16.fr\/wp-content\/uploads\/2021\/05\/Massage-bougie.jpg\" class=\"attachment-large size-large wp-image-1324\" alt=\"Massage \u00e0 la Bougie\" loading=\"lazy\" srcset=\"https:\/\/bienetre16.fr\/wp-content\/uploads\/2021\/05\/Massage-bougie.jpg 600w, https:\/\/bienetre16.fr\/wp-content\/uploads\/2021\/05\/Massage-bougie-300x300.jpg 300w, https:\/\/bienetre16.fr\/wp-content\/uploads\/2021\/05\/Massage-bougie-100x100.jpg 100w, https:\/\/bienetre16.fr\/wp-content\/uploads\/2021\/05\/Massage-bougie-150x150.jpg 150w\" sizes=\"(max-width: 600px) 100vw, 600px\" \/>\t\t\t\t\t\t\t\t\t\t\t\t\t\t\t<\/div>\n\t\t\t\t<\/div>\n\t\t\t\t<div class=\"elementor-element elementor-element-474b5c99 elementor-widget elementor-widget-icon-box\" data-id=\"474b5c99\" data-element_type=\"widget\" data-widget_type=\"icon-box.default\">\n\t\t\t\t<div class=\"elementor-widget-container\">\n\t\t\t\t\t<div class=\"elementor-icon-box-wrapper\">\n\t\t\t\t\t\t<div class=\"elementor-icon-box-content\">\n\t\t\t\t<h3 class=\"elementor-icon-box-title\">\n\t\t\t\t\t<span  >\n\t\t\t\t\t\t\t\t\t\t\t<\/span>\n\t\t\t\t<\/h3>\n\t\t\t\t\t\t\t\t\t<p class=\"elementor-icon-box-description\">\n\t\t\t\t\t\tUne sensation de douceur et de relaxation intense , gr\u00e2ce \u00e0 l'huile chaude aux vertus nourrissantes.<br>Une d\u00e9tente de 1H \u00e0 63\u20ac.<br><br>\t\t\t\t\t<\/p>\n\t\t\t\t\t\t\t<\/div>\n\t\t<\/div>\n\t\t\t\t<\/div>\n\t\t\t\t<\/div>\n\t\t\t\t\t<\/div>\n\t\t<\/div>\n\t\t\t\t<div class=\"elementor-column elementor-col-33 elementor-top-column elementor-element elementor-element-0ea32c1\" data-id=\"0ea32c1\" data-element_type=\"column\">\n\t\t\t<div class=\"elementor-widget-wrap elementor-element-populated\">\n\t\t\t\t\t\t\t\t<div class=\"elementor-element elementor-element-33e2574 elementor-widget elementor-widget-heading\" data-id=\"33e2574\" data-element_type=\"widget\" data-widget_type=\"heading.default\">\n\t\t\t\t<div class=\"elementor-widget-container\">\n\t\t\t<h2 class=\"elementor-heading-title elementor-size-default\">MASSAGE SCANDINAVE<\/h2>\t\t<\/div>\n\t\t\t\t<\/div>\n\t\t\t\t<div class=\"elementor-element elementor-element-9bdf968 elementor-widget elementor-widget-image\" data-id=\"9bdf968\" data-element_type=\"widget\" data-widget_type=\"image.default\">\n\t\t\t\t<div class=\"elementor-widget-container\">\n\t\t\t\t\t\t\t\t\t\t\t\t\t\t\t<img decoding=\"async\" width=\"1024\" height=\"576\" src=\"https:\/\/bienetre16.fr\/wp-content\/uploads\/2021\/05\/Scandinavie-beaux-paysages-viking-3-1024x576.jpg\" class=\"attachment-large size-large wp-image-1323\" alt=\"Traversee scandinave\" loading=\"lazy\" srcset=\"https:\/\/bienetre16.fr\/wp-content\/uploads\/2021\/05\/Scandinavie-beaux-paysages-viking-3-1024x576.jpg 1024w, https:\/\/bienetre16.fr\/wp-content\/uploads\/2021\/05\/Scandinavie-beaux-paysages-viking-3-600x338.jpg 600w, https:\/\/bienetre16.fr\/wp-content\/uploads\/2021\/05\/Scandinavie-beaux-paysages-viking-3-300x169.jpg 300w, https:\/\/bienetre16.fr\/wp-content\/uploads\/2021\/05\/Scandinavie-beaux-paysages-viking-3-768x432.jpg 768w, https:\/\/bienetre16.fr\/wp-content\/uploads\/2021\/05\/Scandinavie-beaux-paysages-viking-3.jpg 1280w\" sizes=\"(max-width: 1024px) 100vw, 1024px\" \/>\t\t\t\t\t\t\t\t\t\t\t\t\t\t\t<\/div>\n\t\t\t\t<\/div>\n\t\t\t\t<div class=\"elementor-element elementor-element-858d7c7 elementor-widget elementor-widget-icon-box\" data-id=\"858d7c7\" data-element_type=\"widget\" data-widget_type=\"icon-box.default\">\n\t\t\t\t<div class=\"elementor-widget-container\">\n\t\t\t\t\t<div class=\"elementor-icon-box-wrapper\">\n\t\t\t\t\t\t<div class=\"elementor-icon-box-content\">\n\t\t\t\t<h3 class=\"elementor-icon-box-title\">\n\t\t\t\t\t<span  >\n\t\t\t\t\t\t\t\t\t\t\t<\/span>\n\t\t\t\t<\/h3>\n\t\t\t\t\t\t\t\t\t<p class=\"elementor-icon-box-description\">\n\t\t\t\t\t\tCe massage stimule la circulation sanguine, le drainage lymphatique et l\u2019\u00e9limination des toxines, ce qui permet de pr\u00e9venir les courbatures. C'est le Massage id\u00e9al pour les sportifs apr\u00e8s l'effort. Il soulage les douleurs dorsales, musculaires et articulaires.\nUne d\u00e9tente de 1H \u00e0 63\u20ac. <br>\t\t\t\t\t<\/p>\n\t\t\t\t\t\t\t<\/div>\n\t\t<\/div>\n\t\t\t\t<\/div>\n\t\t\t\t<\/div>\n\t\t\t\t<div class=\"elementor-element elementor-element-1fa8dcb elementor-widget-divider--view-line elementor-widget elementor-widget-divider\" data-id=\"1fa8dcb\" data-element_type=\"widget\" data-widget_type=\"divider.default\">\n\t\t\t\t<div class=\"elementor-widget-container\">\n\t\t\t\t\t<div class=\"elementor-divider\">\n\t\t\t<span class=\"elementor-divider-separator\">\n\t\t\t\t\t\t<\/span>\n\t\t<\/div>\n\t\t\t\t<\/div>\n\t\t\t\t<\/div>\n\t\t\t\t<div class=\"elementor-element elementor-element-ed90e7e elementor-widget elementor-widget-heading\" data-id=\"ed90e7e\" data-element_type=\"widget\" data-widget_type=\"heading.default\">\n\t\t\t\t<div class=\"elementor-widget-container\">\n\t\t\t<h2 class=\"elementor-heading-title elementor-size-default\">MASSAGE MAROCAIN<\/h2>\t\t<\/div>\n\t\t\t\t<\/div>\n\t\t\t\t<div class=\"elementor-element elementor-element-be32e27 elementor-widget elementor-widget-image\" data-id=\"be32e27\" data-element_type=\"widget\" data-widget_type=\"image.default\">\n\t\t\t\t<div class=\"elementor-widget-container\">\n\t\t\t\t\t\t\t\t\t\t\t\t\t\t\t<img decoding=\"async\" width=\"768\" height=\"1024\" src=\"https:\/\/bienetre16.fr\/wp-content\/uploads\/2021\/05\/massage-Marocain.jpg\" class=\"attachment-large size-large wp-image-1326\" alt=\"Massage Marocain\" loading=\"lazy\" srcset=\"https:\/\/bienetre16.fr\/wp-content\/uploads\/2021\/05\/massage-Marocain.jpg 768w, https:\/\/bienetre16.fr\/wp-content\/uploads\/2021\/05\/massage-Marocain-600x800.jpg 600w, https:\/\/bienetre16.fr\/wp-content\/uploads\/2021\/05\/massage-Marocain-225x300.jpg 225w\" sizes=\"(max-width: 768px) 100vw, 768px\" \/>\t\t\t\t\t\t\t\t\t\t\t\t\t\t\t<\/div>\n\t\t\t\t<\/div>\n\t\t\t\t<div class=\"elementor-element elementor-element-563e3e8 elementor-widget elementor-widget-icon-box\" data-id=\"563e3e8\" data-element_type=\"widget\" data-widget_type=\"icon-box.default\">\n\t\t\t\t<div class=\"elementor-widget-container\">\n\t\t\t\t\t<div class=\"elementor-icon-box-wrapper\">\n\t\t\t\t\t\t<div class=\"elementor-icon-box-content\">\n\t\t\t\t<h3 class=\"elementor-icon-box-title\">\n\t\t\t\t\t<span  >\n\t\t\t\t\t\t\t\t\t\t\t<\/span>\n\t\t\t\t<\/h3>\n\t\t\t\t\t\t\t\t\t<p class=\"elementor-icon-box-description\">\n\t\t\t\t\t\tCe massage relaxant et vivifiant permet de lib\u00e9rer les toxines, de lutter contre les tensions corporelles et de fatigue gr\u00e2ce \u00e0 une alternance de techniques douces et revigorantes.<br>Une d\u00e9tente de 1H \u00e0 63\u20ac.<br><br>\t\t\t\t\t<\/p>\n\t\t\t\t\t\t\t<\/div>\n\t\t<\/div>\n\t\t\t\t<\/div>\n\t\t\t\t<\/div>\n\t\t\t\t\t<\/div>\n\t\t<\/div>\n\t\t\t\t<div class=\"elementor-column elementor-col-33 elementor-top-column elementor-element elementor-element-22398bb5\" data-id=\"22398bb5\" data-element_type=\"column\">\n\t\t\t<div class=\"elementor-widget-wrap elementor-element-populated\">\n\t\t\t\t\t\t\t\t<div class=\"elementor-element elementor-element-a126808 elementor-widget elementor-widget-heading\" data-id=\"a126808\" data-element_type=\"widget\" data-widget_type=\"heading.default\">\n\t\t\t\t<div class=\"elementor-widget-container\">\n\t\t\t<h2 class=\"elementor-heading-title elementor-size-default\">MASSAGE CALIFORNIEN<\/h2>\t\t<\/div>\n\t\t\t\t<\/div>\n\t\t\t\t<div class=\"elementor-element elementor-element-5ac41f69 elementor-widget elementor-widget-image\" data-id=\"5ac41f69\" data-element_type=\"widget\" data-widget_type=\"image.default\">\n\t\t\t\t<div class=\"elementor-widget-container\">\n\t\t\t\t\t\t\t\t\t\t\t\t\t\t\t<img decoding=\"async\" width=\"257\" height=\"309\" src=\"https:\/\/bienetre16.fr\/wp-content\/uploads\/2020\/03\/2020-03-16_09-41-09_725.jpg\" class=\"attachment-full size-full wp-image-1012\" alt=\"\" loading=\"lazy\" srcset=\"https:\/\/bienetre16.fr\/wp-content\/uploads\/2020\/03\/2020-03-16_09-41-09_725.jpg 257w, https:\/\/bienetre16.fr\/wp-content\/uploads\/2020\/03\/2020-03-16_09-41-09_725-250x300.jpg 250w\" sizes=\"(max-width: 257px) 100vw, 257px\" \/>\t\t\t\t\t\t\t\t\t\t\t\t\t\t\t<\/div>\n\t\t\t\t<\/div>\n\t\t\t\t<div class=\"elementor-element elementor-element-24176672 elementor-widget elementor-widget-icon-box\" data-id=\"24176672\" data-element_type=\"widget\" data-widget_type=\"icon-box.default\">\n\t\t\t\t<div class=\"elementor-widget-container\">\n\t\t\t\t\t<div class=\"elementor-icon-box-wrapper\">\n\t\t\t\t\t\t<div class=\"elementor-icon-box-content\">\n\t\t\t\t<h3 class=\"elementor-icon-box-title\">\n\t\t\t\t\t<span  >\n\t\t\t\t\t\t\t\t\t\t\t<\/span>\n\t\t\t\t<\/h3>\n\t\t\t\t\t\t\t\t\t<p class=\"elementor-icon-box-description\">\n\t\t\t\t\t\tModelage relaxant, sur mesure, il vous emm\u00e8nera dans une profonde relaxation.\nUne d\u00e9tente  de 1H \u00e0 63\u20ac. <br>\t\t\t\t\t<\/p>\n\t\t\t\t\t\t\t<\/div>\n\t\t<\/div>\n\t\t\t\t<\/div>\n\t\t\t\t<\/div>\n\t\t\t\t<div class=\"elementor-element elementor-element-4a79c36 elementor-widget-divider--view-line elementor-widget elementor-widget-divider\" data-id=\"4a79c36\" data-element_type=\"widget\" data-widget_type=\"divider.default\">\n\t\t\t\t<div class=\"elementor-widget-container\">\n\t\t\t\t\t<div class=\"elementor-divider\">\n\t\t\t<span class=\"elementor-divider-separator\">\n\t\t\t\t\t\t<\/span>\n\t\t<\/div>\n\t\t\t\t<\/div>\n\t\t\t\t<\/div>\n\t\t\t\t<div class=\"elementor-element elementor-element-e9a3e38 elementor-widget elementor-widget-heading\" data-id=\"e9a3e38\" data-element_type=\"widget\" data-widget_type=\"heading.default\">\n\t\t\t\t<div class=\"elementor-widget-container\">\n\t\t\t<h2 class=\"elementor-heading-title elementor-size-default\">MASSAGE ENFANT<\/h2>\t\t<\/div>\n\t\t\t\t<\/div>\n\t\t\t\t<div class=\"elementor-element elementor-element-fb6fe01 elementor-widget elementor-widget-image\" data-id=\"fb6fe01\" data-element_type=\"widget\" data-widget_type=\"image.default\">\n\t\t\t\t<div class=\"elementor-widget-container\">\n\t\t\t\t\t\t\t\t\t\t\t\t\t\t\t<img decoding=\"async\" width=\"310\" height=\"163\" src=\"https:\/\/bienetre16.fr\/wp-content\/uploads\/2021\/05\/Massage-enfant.jpg\" class=\"attachment-2048x2048 size-2048x2048 wp-image-1327\" alt=\"Massage Enfant\" loading=\"lazy\" srcset=\"https:\/\/bienetre16.fr\/wp-content\/uploads\/2021\/05\/Massage-enfant.jpg 310w, https:\/\/bienetre16.fr\/wp-content\/uploads\/2021\/05\/Massage-enfant-300x158.jpg 300w\" sizes=\"(max-width: 310px) 100vw, 310px\" \/>\t\t\t\t\t\t\t\t\t\t\t\t\t\t\t<\/div>\n\t\t\t\t<\/div>\n\t\t\t\t<div class=\"elementor-element elementor-element-604a9fe5 elementor-widget elementor-widget-icon-box\" data-id=\"604a9fe5\" data-element_type=\"widget\" data-widget_type=\"icon-box.default\">\n\t\t\t\t<div class=\"elementor-widget-container\">\n\t\t\t\t\t<div class=\"elementor-icon-box-wrapper\">\n\t\t\t\t\t\t<div class=\"elementor-icon-box-content\">\n\t\t\t\t<h3 class=\"elementor-icon-box-title\">\n\t\t\t\t\t<span  >\n\t\t\t\t\t\t\t\t\t\t\t<\/span>\n\t\t\t\t<\/h3>\n\t\t\t\t\t\t\t\t\t<p class=\"elementor-icon-box-description\">\n\t\t\t\t\t\tModelage relaxant, doux et enveloppent, Moment de bien \u00eatre pour les Enfants de 45 Minutes \u00e0 45\u20ac.\t\t\t\t\t<\/p>\n\t\t\t\t\t\t\t<\/div>\n\t\t<\/div>\n\t\t\t\t<\/div>\n\t\t\t\t<\/div>\n\t\t\t\t\t<\/div>\n\t\t<\/div>\n\t\t\t\t\t\t\t<\/div>\n\t\t<\/section>\n\t\t\t\t<section class=\"elementor-section elementor-top-section elementor-element elementor-element-b31601c elementor-section-boxed elementor-section-height-default elementor-section-height-default\" data-id=\"b31601c\" data-element_type=\"section\" data-settings=\"{&quot;background_background&quot;:&quot;classic&quot;}\">\n\t\t\t\t\t\t<div class=\"elementor-container elementor-column-gap-default\">\n\t\t\t\t\t<div class=\"elementor-column elementor-col-33 elementor-top-column elementor-element elementor-element-8f3ae2a\" data-id=\"8f3ae2a\" data-element_type=\"column\">\n\t\t\t<div class=\"elementor-widget-wrap elementor-element-populated\">\n\t\t\t\t\t\t\t\t<div class=\"elementor-element elementor-element-930ec11 elementor-widget elementor-widget-heading\" data-id=\"930ec11\" data-element_type=\"widget\" data-widget_type=\"heading.default\">\n\t\t\t\t<div class=\"elementor-widget-container\">\n\t\t\t<h2 class=\"elementor-heading-title elementor-size-default\">Gommage Massage<\/h2>\t\t<\/div>\n\t\t\t\t<\/div>\n\t\t\t\t<div class=\"elementor-element elementor-element-3e001b0 elementor-widget elementor-widget-image\" data-id=\"3e001b0\" data-element_type=\"widget\" data-widget_type=\"image.default\">\n\t\t\t\t<div class=\"elementor-widget-container\">\n\t\t\t\t\t\t\t\t\t\t\t\t\t\t\t<img decoding=\"async\" width=\"1024\" height=\"1016\" src=\"https:\/\/bienetre16.fr\/wp-content\/uploads\/2020\/04\/received_1463646750469719-1024x1016.jpeg\" class=\"attachment-large size-large wp-image-1078\" alt=\"Gommage DOS\" loading=\"lazy\" srcset=\"https:\/\/bienetre16.fr\/wp-content\/uploads\/2020\/04\/received_1463646750469719-1024x1016.jpeg 1024w, https:\/\/bienetre16.fr\/wp-content\/uploads\/2020\/04\/received_1463646750469719-100x100.jpeg 100w, https:\/\/bienetre16.fr\/wp-content\/uploads\/2020\/04\/received_1463646750469719-600x596.jpeg 600w, https:\/\/bienetre16.fr\/wp-content\/uploads\/2020\/04\/received_1463646750469719-300x298.jpeg 300w, https:\/\/bienetre16.fr\/wp-content\/uploads\/2020\/04\/received_1463646750469719-150x150.jpeg 150w, https:\/\/bienetre16.fr\/wp-content\/uploads\/2020\/04\/received_1463646750469719-768x762.jpeg 768w, https:\/\/bienetre16.fr\/wp-content\/uploads\/2020\/04\/received_1463646750469719.jpeg 1080w\" sizes=\"(max-width: 1024px) 100vw, 1024px\" \/>\t\t\t\t\t\t\t\t\t\t\t\t\t\t\t<\/div>\n\t\t\t\t<\/div>\n\t\t\t\t<div class=\"elementor-element elementor-element-4222f90 elementor-widget elementor-widget-text-editor\" data-id=\"4222f90\" data-element_type=\"widget\" data-widget_type=\"text-editor.default\">\n\t\t\t\t<div class=\"elementor-widget-container\">\n\t\t\t\t\t\t\t<p style=\"padding-left: 40px; text-align: center;\">Gommage + Massage relaxant du Dos<\/p><p style=\"padding-left: 40px; text-align: center;\">Une d\u00e9tente de 45 Minutes \u00e0 50 \u20ac<\/p>\t\t\t\t\t\t<\/div>\n\t\t\t\t<\/div>\n\t\t\t\t\t<\/div>\n\t\t<\/div>\n\t\t\t\t<div class=\"elementor-column elementor-col-33 elementor-top-column elementor-element elementor-element-baa9a0b\" data-id=\"baa9a0b\" data-element_type=\"column\">\n\t\t\t<div class=\"elementor-widget-wrap elementor-element-populated\">\n\t\t\t\t\t\t\t\t<div class=\"elementor-element elementor-element-92270e7 elementor-widget elementor-widget-heading\" data-id=\"92270e7\" data-element_type=\"widget\" data-widget_type=\"heading.default\">\n\t\t\t\t<div class=\"elementor-widget-container\">\n\t\t\t<h2 class=\"elementor-heading-title elementor-size-default\">MASSAGE DU DOS<\/h2>\t\t<\/div>\n\t\t\t\t<\/div>\n\t\t\t\t<div class=\"elementor-element elementor-element-86da853 elementor-widget elementor-widget-image\" data-id=\"86da853\" data-element_type=\"widget\" data-widget_type=\"image.default\">\n\t\t\t\t<div class=\"elementor-widget-container\">\n\t\t\t\t\t\t\t\t\t\t\t\t\t\t\t<img decoding=\"async\" width=\"275\" height=\"183\" src=\"https:\/\/bienetre16.fr\/wp-content\/uploads\/2021\/05\/Massage-Califirnien.jpg\" class=\"attachment-large size-large wp-image-1325\" alt=\"Massage Dos\" loading=\"lazy\" \/>\t\t\t\t\t\t\t\t\t\t\t\t\t\t\t<\/div>\n\t\t\t\t<\/div>\n\t\t\t\t<div class=\"elementor-element elementor-element-95cac99 elementor-widget elementor-widget-text-editor\" data-id=\"95cac99\" data-element_type=\"widget\" data-widget_type=\"text-editor.default\">\n\t\t\t\t<div class=\"elementor-widget-container\">\n\t\t\t\t\t\t\t<p style=\"text-align: center;\">Un massage relaxant et personnalisable<\/p><p style=\"text-align: center;\">Une d\u00e9tente 30 Min \u00e0 36\u20ac<\/p>\t\t\t\t\t\t<\/div>\n\t\t\t\t<\/div>\n\t\t\t\t\t<\/div>\n\t\t<\/div>\n\t\t\t\t<div class=\"elementor-column elementor-col-33 elementor-top-column elementor-element elementor-element-5f34141\" data-id=\"5f34141\" data-element_type=\"column\">\n\t\t\t<div class=\"elementor-widget-wrap elementor-element-populated\">\n\t\t\t\t\t\t\t\t<div class=\"elementor-element elementor-element-7847c7d elementor-widget elementor-widget-heading\" data-id=\"7847c7d\" data-element_type=\"widget\" data-widget_type=\"heading.default\">\n\t\t\t\t<div class=\"elementor-widget-container\">\n\t\t\t<h2 class=\"elementor-heading-title elementor-size-default\">MASSAGE ETOILE<\/h2>\t\t<\/div>\n\t\t\t\t<\/div>\n\t\t\t\t<div class=\"elementor-element elementor-element-ced8ca0 elementor-widget elementor-widget-image\" data-id=\"ced8ca0\" data-element_type=\"widget\" data-widget_type=\"image.default\">\n\t\t\t\t<div class=\"elementor-widget-container\">\n\t\t\t\t\t\t\t\t\t\t\t\t\t\t\t<img decoding=\"async\" width=\"720\" height=\"483\" src=\"https:\/\/bienetre16.fr\/wp-content\/uploads\/2025\/03\/Massage-Etoile.jpg\" class=\"attachment-ocean-thumb-l size-ocean-thumb-l wp-image-1454\" alt=\"massage \u00e9toile\" loading=\"lazy\" srcset=\"https:\/\/bienetre16.fr\/wp-content\/uploads\/2025\/03\/Massage-Etoile.jpg 720w, https:\/\/bienetre16.fr\/wp-content\/uploads\/2025\/03\/Massage-Etoile-300x201.jpg 300w, https:\/\/bienetre16.fr\/wp-content\/uploads\/2025\/03\/Massage-Etoile-600x403.jpg 600w\" sizes=\"(max-width: 720px) 100vw, 720px\" \/>\t\t\t\t\t\t\t\t\t\t\t\t\t\t\t<\/div>\n\t\t\t\t<\/div>\n\t\t\t\t<div class=\"elementor-element elementor-element-c8f0d12 elementor-widget elementor-widget-text-editor\" data-id=\"c8f0d12\" data-element_type=\"widget\" data-widget_type=\"text-editor.default\">\n\t\t\t\t<div class=\"elementor-widget-container\">\n\t\t\t\t\t\t\t<p style=\"text-align: center;\">Un massage relaxant des extr\u00e9mit\u00e9s du corps:<\/p>\n<p style=\"text-align: center;\">De la t\u00eate, nuque, \u00e9paules, trap\u00e8zes, des mains et des pieds.<\/p>\n<p style=\"text-align: center;\">Grace aux nombreuses terminaisons nerveuses et zones r\u00e9flexes mass\u00e9es, il permet de b\u00e9n\u00e9ficier d&rsquo;une relaxation profonde.<\/p>\n<p style=\"text-align: center;\">Une d\u00e9tente de 45 Min \u00e0 50\u20ac<\/p>\t\t\t\t\t\t<\/div>\n\t\t\t\t<\/div>\n\t\t\t\t\t<\/div>\n\t\t<\/div>\n\t\t\t\t\t\t\t<\/div>\n\t\t<\/section>\n\t\t\t\t\t\t\t<\/div>\n\t\t","protected":false},"excerpt":{"rendered":"<p>Les Massages MASSAGE POLYNESIEN Soin aux inspirations \u00ab\u00a0Taurumi\u00a0\u00bb. Il lib\u00e8re les n\u0153uds de stress et \u00e9vacue les traces de fatigue. Il vous procurera une sensation de d\u00e9tente et de s\u00e9r\u00e9nit\u00e9. Une d\u00e9tente de 1H \u00e0 63\u20ac. MASSAGE A LA BOUGIE Une sensation de douceur et de relaxation intense , gr\u00e2ce \u00e0 l&rsquo;huile chaude aux vertus [&hellip;]<\/p>\n","protected":false},"author":1,"featured_media":1304,"parent":0,"menu_order":0,"comment_status":"closed","ping_status":"closed","template":"","meta":[],"_links":{"self":[{"href":"https:\/\/bienetre16.fr\/index.php?rest_route=\/wp\/v2\/pages\/939"}],"collection":[{"href":"https:\/\/bienetre16.fr\/index.php?rest_route=\/wp\/v2\/pages"}],"about":[{"href":"https:\/\/bienetre16.fr\/index.php?rest_route=\/wp\/v2\/types\/page"}],"author":[{"embeddable":true,"href":"https:\/\/bienetre16.fr\/index.php?rest_route=\/wp\/v2\/users\/1"}],"replies":[{"embeddable":true,"href":"https:\/\/bienetre16.fr\/index.php?rest_route=%2Fwp%2Fv2%2Fcomments&post=939"}],"version-history":[{"count":45,"href":"https:\/\/bienetre16.fr\/index.php?rest_route=\/wp\/v2\/pages\/939\/revisions"}],"predecessor-version":[{"id":1508,"href":"https:\/\/bienetre16.fr\/index.php?rest_route=\/wp\/v2\/pages\/939\/revisions\/1508"}],"wp:featuredmedia":[{"embeddable":true,"href":"https:\/\/bienetre16.fr\/index.php?rest_route=\/wp\/v2\/media\/1304"}],"wp:attachment":[{"href":"https:\/\/bienetre16.fr\/index.php?rest_route=%2Fwp%2Fv2%2Fmedia&parent=939"}],"curies":[{"name":"wp","href":"https:\/\/api.w.org\/{rel}","templated":true}]}}